{"id":10492,"date":"2025-04-13T20:51:03","date_gmt":"2025-04-13T20:51:03","guid":{"rendered":"https:\/\/s-o-s.net\/product\/bjork\/"},"modified":"2026-04-19T12:06:55","modified_gmt":"2026-04-19T12:06:55","slug":"bjork","status":"publish","type":"product","link":"https:\/\/s-o-s.net\/en_gb\/product\/bjork\/","title":{"rendered":"Bj\u00f6rk"},"content":{"rendered":"<p> <br \/>\n<br \/><img decoding=\"async\" src=\"https:\/\/i0.wp.com\/themes.svn.wordpress.org\/bjork\/0.2.4\/screenshot.png?w=post-thumbnail&amp;strip=all\" class=\"has-border-color has-black-opacity-15-border-color\" style=\"border-radius:3px;border-style:solid;border-width:1px;object-fit:cover;\" alt=\"\"><\/p>\n<div class=\"wp-block-group alignwide is-layout-flow wp-block-group-is-layout-flow\">\n<h1 class=\"wp-block-post-title has-heading-3-font-size\">Bj\u00f6rk<\/h1>\n<div class=\"wp-block-group alignwide is-layout-flex wp-block-group-is-layout-flex\">\n<div class=\"wp-block-group is-nowrap is-layout-flex wp-container-core-group-is-layout-17c695da wp-block-group-is-layout-flex\">\n<div class=\"wp-block-avatar\"><img alt=\"Anders Nor\u00e9n Avatar\" src=\"https:\/\/secure.gravatar.com\/avatar\/321499bde58292db1a404164538b8f2c736e4a6886cd11532ae0d59a468e4568?s=24&amp;d=mm&amp;r=g\" srcset=\"https:\/\/secure.gravatar.com\/avatar\/321499bde58292db1a404164538b8f2c736e4a6886cd11532ae0d59a468e4568?s=48&amp;d=mm&amp;r=g 2x\" class=\"avatar avatar-24 photo wp-block-avatar__image\" height=\"24\" width=\"24\" style=\"border-radius:100%;\" decoding=\"async\"><\/div>\n<div style=\"font-style:normal;\" class=\"has-link-color wp-elements-922771463ddd3ac55431b42f25fc901b wp-block-post-author-name has-text-color has-charcoal-1-color has-small-font-size\"><a target=\"_blank\" href=\"https:\/\/wordpress.org\/themes\/author\/anlino\/\" class=\"wp-block-post-author-name__link\" rel=\"noopener\">Anders Nor\u00e9n<\/a><\/div>\n<\/p><\/div>\n<\/p><\/div>\n<\/div>\n<p><a target=\"_blank\" href=\"https:\/\/wordpress.org\/themes\/bjork\/preview\/\" class=\"wp-block-button__link wp-element-button\" id=\"wporg-theme-button-preview\" rel=\"noopener\">Preview<\/a><br \/><a target=\"_blank\" href=\"https:\/\/downloads.wordpress.org\/theme\/bjork.0.2.4.zip\" class=\"wp-block-button__link wp-element-button\" id=\"wporg-theme-button-download\" rel=\"noopener\">Download<\/a><\/p>\n<p>Bj\u00f6rk is a minimal theme for blogs and personal websites. It features a sticky sidebar menu on desktop for quick and easy navigation, and the clean design puts your content front and center. Bj\u00f6rk comes with seven different theme styles to choose from, and over 15 different block patterns that you can use to quickly build unique page layouts. Demo: https:\/\/andersnoren.se\/themes\/bjork\/<\/p>\n<p><\/p>\n<div class=\"wp-block-group is-layout-flow wp-block-group-is-layout-flow\">\n<h2 class=\"wp-block-heading\">Features<\/h2>\n<div class=\"taxonomy-post_tag wp-block-post-terms\"><a target=\"_blank\" href=\"https:\/\/wordpress.org\/themes\/tags\/block-styles\/\" rel=\"tag noopener\">Block editor styles<\/a><span class=\"wp-block-post-terms__separator\">, <\/span><a target=\"_blank\" href=\"https:\/\/wordpress.org\/themes\/tags\/blog\/\" rel=\"tag noopener\">Blog<\/a><span class=\"wp-block-post-terms__separator\">, <\/span><a target=\"_blank\" href=\"https:\/\/wordpress.org\/themes\/tags\/custom-background\/\" rel=\"tag noopener\">Custom background<\/a><span class=\"wp-block-post-terms__separator\">, <\/span><a target=\"_blank\" href=\"https:\/\/wordpress.org\/themes\/tags\/custom-colors\/\" rel=\"tag noopener\">Custom colors<\/a><span class=\"wp-block-post-terms__separator\">, <\/span><a target=\"_blank\" href=\"https:\/\/wordpress.org\/themes\/tags\/custom-logo\/\" rel=\"tag noopener\">Custom logo<\/a><span class=\"wp-block-post-terms__separator\">, <\/span><a target=\"_blank\" href=\"https:\/\/wordpress.org\/themes\/tags\/custom-menu\/\" rel=\"tag noopener\">Custom menu<\/a><span class=\"wp-block-post-terms__separator\">, <\/span><a target=\"_blank\" href=\"https:\/\/wordpress.org\/themes\/tags\/editor-style\/\" rel=\"tag noopener\">Editor style<\/a><span class=\"wp-block-post-terms__separator\">, <\/span><a target=\"_blank\" href=\"https:\/\/wordpress.org\/themes\/tags\/featured-images\/\" rel=\"tag noopener\">Featured images<\/a><span class=\"wp-block-post-terms__separator\">, <\/span><a target=\"_blank\" href=\"https:\/\/wordpress.org\/themes\/tags\/full-site-editing\/\" rel=\"tag noopener\">Block themes<\/a><span class=\"wp-block-post-terms__separator\">, <\/span><a target=\"_blank\" href=\"https:\/\/wordpress.org\/themes\/tags\/grid-layout\/\" rel=\"tag noopener\">Grid layout<\/a><span class=\"wp-block-post-terms__separator\">, <\/span><a target=\"_blank\" href=\"https:\/\/wordpress.org\/themes\/tags\/left-sidebar\/\" rel=\"tag noopener\">Left sidebar<\/a><span class=\"wp-block-post-terms__separator\">, <\/span><a target=\"_blank\" href=\"https:\/\/wordpress.org\/themes\/tags\/one-column\/\" rel=\"tag noopener\">One column<\/a><span class=\"wp-block-post-terms__separator\">, <\/span><a target=\"_blank\" href=\"https:\/\/wordpress.org\/themes\/tags\/portfolio\/\" rel=\"tag noopener\">Portfolio<\/a><span class=\"wp-block-post-terms__separator\">, <\/span><a target=\"_blank\" href=\"https:\/\/wordpress.org\/themes\/tags\/sticky-post\/\" rel=\"tag noopener\">Sticky post<\/a><span class=\"wp-block-post-terms__separator\">, <\/span><a target=\"_blank\" href=\"https:\/\/wordpress.org\/themes\/tags\/threaded-comments\/\" rel=\"tag noopener\">Threaded comments<\/a><span class=\"wp-block-post-terms__separator\">, <\/span><a target=\"_blank\" href=\"https:\/\/wordpress.org\/themes\/tags\/translation-ready\/\" rel=\"tag noopener\">Translation ready<\/a><span class=\"wp-block-post-terms__separator\">, <\/span><a target=\"_blank\" href=\"https:\/\/wordpress.org\/themes\/tags\/two-columns\/\" rel=\"tag noopener\">Two columns<\/a><span class=\"wp-block-post-terms__separator\">, <\/span><a target=\"_blank\" href=\"https:\/\/wordpress.org\/themes\/tags\/wide-blocks\/\" rel=\"tag noopener\">Wide blocks<\/a><\/div>\n<\/p><\/div>\n<p><\/p>\n<div class=\"wp-block-column has-small-font-size is-layout-flow wp-block-column-is-layout-flow\" style=\"flex-basis:30%\">\n<div class=\"wp-block-group is-content-justification-space-between is-layout-flex wp-container-core-group-is-layout-9366075c wp-block-group-is-layout-flex\">\n<h2 class=\"wp-block-heading has-large-font-size\">Ratings<\/h2>\n<\/p><\/div>\n<div class=\"wp-block-wporg-ratings-stars\">\n<div class=\"wporg-ratings-stars__icons\">\n\t\t<svg class=\"is-star-filled\" xmlns=\"http:\/\/www.w3.org\/2000\/svg\" viewbox=\"0 0 24 24\" width=\"24\" height=\"24\" aria-hidden=\"true\" focusable=\"false\"><path d=\"M11.776 4.454a.25.25 0 01.448 0l2.069 4.192a.25.25 0 00.188.137l4.626.672a.25.25 0 01.139.426l-3.348 3.263a.25.25 0 00-.072.222l.79 4.607a.25.25 0 01-.362.263l-4.138-2.175a.25.25 0 00-.232 0l-4.138 2.175a.25.25 0 01-.363-.263l.79-4.607a.25.25 0 00-.071-.222L4.754 9.881a.25.25 0 01.139-.426l4.626-.672a.25.25 0 00.188-.137l2.069-4.192z\"><\/path><\/svg><svg class=\"is-star-filled\" xmlns=\"http:\/\/www.w3.org\/2000\/svg\" viewbox=\"0 0 24 24\" width=\"24\" height=\"24\" aria-hidden=\"true\" focusable=\"false\"><path d=\"M11.776 4.454a.25.25 0 01.448 0l2.069 4.192a.25.25 0 00.188.137l4.626.672a.25.25 0 01.139.426l-3.348 3.263a.25.25 0 00-.072.222l.79 4.607a.25.25 0 01-.362.263l-4.138-2.175a.25.25 0 00-.232 0l-4.138 2.175a.25.25 0 01-.363-.263l.79-4.607a.25.25 0 00-.071-.222L4.754 9.881a.25.25 0 01.139-.426l4.626-.672a.25.25 0 00.188-.137l2.069-4.192z\"><\/path><\/svg><svg class=\"is-star-filled\" xmlns=\"http:\/\/www.w3.org\/2000\/svg\" viewbox=\"0 0 24 24\" width=\"24\" height=\"24\" aria-hidden=\"true\" focusable=\"false\"><path d=\"M11.776 4.454a.25.25 0 01.448 0l2.069 4.192a.25.25 0 00.188.137l4.626.672a.25.25 0 01.139.426l-3.348 3.263a.25.25 0 00-.072.222l.79 4.607a.25.25 0 01-.362.263l-4.138-2.175a.25.25 0 00-.232 0l-4.138 2.175a.25.25 0 01-.363-.263l.79-4.607a.25.25 0 00-.071-.222L4.754 9.881a.25.25 0 01.139-.426l4.626-.672a.25.25 0 00.188-.137l2.069-4.192z\"><\/path><\/svg><svg class=\"is-star-filled\" xmlns=\"http:\/\/www.w3.org\/2000\/svg\" viewbox=\"0 0 24 24\" width=\"24\" height=\"24\" aria-hidden=\"true\" focusable=\"false\"><path d=\"M11.776 4.454a.25.25 0 01.448 0l2.069 4.192a.25.25 0 00.188.137l4.626.672a.25.25 0 01.139.426l-3.348 3.263a.25.25 0 00-.072.222l.79 4.607a.25.25 0 01-.362.263l-4.138-2.175a.25.25 0 00-.232 0l-4.138 2.175a.25.25 0 01-.363-.263l.79-4.607a.25.25 0 00-.071-.222L4.754 9.881a.25.25 0 01.139-.426l4.626-.672a.25.25 0 00.188-.137l2.069-4.192z\"><\/path><\/svg><svg class=\"is-star-filled\" xmlns=\"http:\/\/www.w3.org\/2000\/svg\" viewbox=\"0 0 24 24\" width=\"24\" height=\"24\" aria-hidden=\"true\" focusable=\"false\"><path d=\"M11.776 4.454a.25.25 0 01.448 0l2.069 4.192a.25.25 0 00.188.137l4.626.672a.25.25 0 01.139.426l-3.348 3.263a.25.25 0 00-.072.222l.79 4.607a.25.25 0 01-.362.263l-4.138-2.175a.25.25 0 00-.232 0l-4.138 2.175a.25.25 0 01-.363-.263l.79-4.607a.25.25 0 00-.071-.222L4.754 9.881a.25.25 0 01.139-.426l4.626-.672a.25.25 0 00.188-.137l2.069-4.192z\"><\/path><\/svg>\t<\/div>\n<div class=\"wporg-ratings-stars__label\">\n\t\t<span>5<\/span> out of 5 stars.\t<\/div>\n<\/p><\/div>\n<ul class=\"wp-block-wporg-ratings-bars\">\n<li class=\"wporg-ratings-bars__bar\">\n\t\t<a target=\"_blank\" href=\"https:\/\/wordpress.org\/support\/theme\/bjork\/reviews\/?filter=5\" rel=\"noopener\"><br \/>\n\t\t\t<span class=\"screen-reader-text\"><br \/>\n\t\t\t5 5-star reviews\t\t\t<\/span><br \/>\n\t\t\t<span aria-hidden=\"true\" class=\"wporg-ratings-bars__bar-label\"><br \/>\n\t\t\t5 stars\t\t\t<\/span><br \/>\n\t\t\t<span aria-hidden=\"true\" class=\"wporg-ratings-bars__bar-background\"><br \/>\n\t\t\t\t<span class=\"wporg-ratings-bars__bar-foreground\" style=\"width: 100%;\"><\/span><br \/>\n\t\t\t<\/span><br \/>\n\t\t\t<span aria-hidden=\"true\" class=\"wporg-ratings-bars__bar-count\">5<\/span><br \/>\n\t\t<\/a>\n\t<\/li>\n<li class=\"wporg-ratings-bars__bar\">\n\t\t<a target=\"_blank\" href=\"https:\/\/wordpress.org\/support\/theme\/bjork\/reviews\/?filter=4\" rel=\"noopener\"><br \/>\n\t\t\t<span class=\"screen-reader-text\"><br \/>\n\t\t\t0 4-star reviews\t\t\t<\/span><br \/>\n\t\t\t<span aria-hidden=\"true\" class=\"wporg-ratings-bars__bar-label\"><br \/>\n\t\t\t4 stars\t\t\t<\/span><br \/>\n\t\t\t<span aria-hidden=\"true\" class=\"wporg-ratings-bars__bar-background\"><br \/>\n\t\t\t\t<span class=\"wporg-ratings-bars__bar-foreground\" style=\"width: 0%;\"><\/span><br \/>\n\t\t\t<\/span><br \/>\n\t\t\t<span aria-hidden=\"true\" class=\"wporg-ratings-bars__bar-count\">0<\/span><br \/>\n\t\t<\/a>\n\t<\/li>\n<li class=\"wporg-ratings-bars__bar\">\n\t\t<a target=\"_blank\" href=\"https:\/\/wordpress.org\/support\/theme\/bjork\/reviews\/?filter=3\" rel=\"noopener\"><br \/>\n\t\t\t<span class=\"screen-reader-text\"><br \/>\n\t\t\t0 3-star reviews\t\t\t<\/span><br \/>\n\t\t\t<span aria-hidden=\"true\" class=\"wporg-ratings-bars__bar-label\"><br \/>\n\t\t\t3 stars\t\t\t<\/span><br \/>\n\t\t\t<span aria-hidden=\"true\" class=\"wporg-ratings-bars__bar-background\"><br \/>\n\t\t\t\t<span class=\"wporg-ratings-bars__bar-foreground\" style=\"width: 0%;\"><\/span><br \/>\n\t\t\t<\/span><br \/>\n\t\t\t<span aria-hidden=\"true\" class=\"wporg-ratings-bars__bar-count\">0<\/span><br \/>\n\t\t<\/a>\n\t<\/li>\n<li class=\"wporg-ratings-bars__bar\">\n\t\t<a target=\"_blank\" href=\"https:\/\/wordpress.org\/support\/theme\/bjork\/reviews\/?filter=2\" rel=\"noopener\"><br \/>\n\t\t\t<span class=\"screen-reader-text\"><br \/>\n\t\t\t0 2-star reviews\t\t\t<\/span><br \/>\n\t\t\t<span aria-hidden=\"true\" class=\"wporg-ratings-bars__bar-label\"><br \/>\n\t\t\t2 stars\t\t\t<\/span><br \/>\n\t\t\t<span aria-hidden=\"true\" class=\"wporg-ratings-bars__bar-background\"><br \/>\n\t\t\t\t<span class=\"wporg-ratings-bars__bar-foreground\" style=\"width: 0%;\"><\/span><br \/>\n\t\t\t<\/span><br \/>\n\t\t\t<span aria-hidden=\"true\" class=\"wporg-ratings-bars__bar-count\">0<\/span><br \/>\n\t\t<\/a>\n\t<\/li>\n<li class=\"wporg-ratings-bars__bar\">\n\t\t<a target=\"_blank\" href=\"https:\/\/wordpress.org\/support\/theme\/bjork\/reviews\/?filter=1\" rel=\"noopener\"><br \/>\n\t\t\t<span class=\"screen-reader-text\"><br \/>\n\t\t\t0 1-star reviews\t\t\t<\/span><br \/>\n\t\t\t<span aria-hidden=\"true\" class=\"wporg-ratings-bars__bar-label\"><br \/>\n\t\t\t1 star\t\t\t<\/span><br \/>\n\t\t\t<span aria-hidden=\"true\" class=\"wporg-ratings-bars__bar-background\"><br \/>\n\t\t\t\t<span class=\"wporg-ratings-bars__bar-foreground\" style=\"width: 0%;\"><\/span><br \/>\n\t\t\t<\/span><br \/>\n\t\t\t<span aria-hidden=\"true\" class=\"wporg-ratings-bars__bar-count\">0<\/span><br \/>\n\t\t<\/a>\n\t<\/li>\n<\/ul>\n<div class=\"wp-block-group is-content-justification-space-between is-nowrap is-layout-flex wp-container-core-group-is-layout-204c7bc8 wp-block-group-is-layout-flex\" style=\"margin-top:var(--wp--preset--spacing--10)\">\n<p><a target=\"_blank\" href=\"https:\/\/wordpress.org\/support\/theme\/bjork\/reviews\/#new-post\" rel=\"noopener\">Add my review<\/a><\/p>\n<p class=\"wporg-ratings-link\"><a target=\"_blank\" href=\"https:\/\/wordpress.org\/support\/theme\/bjork\/reviews\/\" rel=\"noopener\">See all<span class=\"screen-reader-text\"> reviews<\/span><\/a><\/p>\n<\/p><\/div>\n<h2 class=\"wp-block-heading has-large-font-size\">Support<\/h2>\n<p>Got something to say? Need help?<\/p>\n<p style=\"margin-top:var(--wp--preset--spacing--10)\"><a target=\"_blank\" href=\"https:\/\/wordpress.org\/support\/theme\/bjork\/\" rel=\"noopener\">View support forum<\/a><\/p>\n<h2 class=\"wp-block-heading has-large-font-size\">Report<\/h2>\n<p>Does this theme have major issues?<\/p>\n<p style=\"margin-top:var(--wp--preset--spacing--10)\"><a target=\"_blank\" href=\"https:\/\/make.wordpress.org\/themes\/report-theme\/?rep-theme=https%3A%2F%2Fwordpress.org%2Fthemes%2Fbjork%2F&amp;rep-subject=Reported+Theme%3A+Bj%C3%B6rk\" rel=\"noopener\">Report this theme<\/a><\/p>\n<h2 class=\"wp-block-heading has-large-font-size\">Translations<\/h2>\n<div class=\"wp-block-wporg-theme-available-translations\">This theme is available in the following languages: <a target=\"_blank\" href=\"https:\/\/de-ch.wordpress.org\/themes\/bjork\/\" lang=\"de-ch\" rel=\"noopener\">Deutsch (Schweiz)<\/a>, <a target=\"_blank\" href=\"https:\/\/de.wordpress.org\/themes\/bjork\/\" lang=\"de\" rel=\"noopener\">Deutsch<\/a>, <a target=\"_blank\" href=\"https:\/\/wordpress.org\/themes\/bjork\/\" lang=\"en-US\" rel=\"noopener\">English (US)<\/a>, <a target=\"_blank\" href=\"https:\/\/cl.wordpress.org\/themes\/bjork\/\" lang=\"es-cl\" rel=\"noopener\">Espa\u00f1ol de Chile<\/a>, <a target=\"_blank\" href=\"https:\/\/es.wordpress.org\/themes\/bjork\/\" lang=\"es\" rel=\"noopener\">Espa\u00f1ol<\/a>, <a target=\"_blank\" href=\"https:\/\/id.wordpress.org\/themes\/bjork\/\" lang=\"id\" rel=\"noopener\">Bahasa Indonesia<\/a>, <a target=\"_blank\" href=\"https:\/\/it.wordpress.org\/themes\/bjork\/\" lang=\"it\" rel=\"noopener\">Italiano<\/a>, <a target=\"_blank\" href=\"https:\/\/nb.wordpress.org\/themes\/bjork\/\" lang=\"nb\" rel=\"noopener\">Norsk bokm\u00e5l<\/a>, <a target=\"_blank\" href=\"https:\/\/nl.wordpress.org\/themes\/bjork\/\" lang=\"nl\" rel=\"noopener\">Nederlands<\/a>, <a target=\"_blank\" href=\"https:\/\/ru.wordpress.org\/themes\/bjork\/\" lang=\"ru\" rel=\"noopener\">\u0420\u0443\u0441\u0441\u043a\u0438\u0439<\/a>, <a target=\"_blank\" href=\"https:\/\/sv.wordpress.org\/themes\/bjork\/\" lang=\"sv\" rel=\"noopener\">Svenska<\/a>, and <a target=\"_blank\" href=\"https:\/\/uk.wordpress.org\/themes\/bjork\/\" lang=\"uk\" rel=\"noopener\">\u0423\u043a\u0440\u0430\u0457\u043d\u0441\u044c\u043a\u0430<\/a>.<\/div>\n<p><a target=\"_blank\" href=\"https:\/\/translate.wordpress.org\/projects\/wp-themes\/bjork\" rel=\"noopener\">Translate this theme<\/a><\/p>\n<h2 class=\"wp-block-heading has-large-font-size\">Browse the code<\/h2>\n<div class=\"wp-block-group is-layout-constrained wp-container-core-group-is-layout-19e250f3 wp-block-group-is-layout-constrained\">\n<p><a target=\"_blank\" href=\"https:\/\/themes.trac.wordpress.org\/log\/bjork\" rel=\"nofollow noopener\" class=\"broken_link\">Development log<\/a><\/p>\n<p><a target=\"_blank\" href=\"https:\/\/themes.svn.wordpress.org\/bjork\" rel=\"nofollow noopener\">Subversion repository<\/a><\/p>\n<p><a target=\"_blank\" href=\"https:\/\/themes.trac.wordpress.org\/browser\/bjork\" rel=\"nofollow noopener\" class=\"broken_link\">Browse in Trac<\/a><\/p>\n<p><a target=\"_blank\" href=\"https:\/\/themes.trac.wordpress.org\/query?keywords=~theme-bjork\" rel=\"nofollow noopener\" class=\"broken_link\">Trac tickets<\/a><\/p>\n<\/p><\/div>\n<\/p><\/div>\n<p><br \/>\n<br \/><a href=\"https:\/\/wordpress.org\/themes\/bjork\/?rand=10282\" target=\"_blank\" rel=\"noopener\">Source link <\/a><\/p>","protected":false},"excerpt":{"rendered":"<p>Bj\u00f6rk Anders Nor\u00e9n PreviewDownload Bj\u00f6rk is a minimal theme for blogs and personal websites. It features a sticky sidebar menu on desktop for quick and easy navigation, and the clean design puts your content front and center. Bj\u00f6rk comes with seven different theme styles to choose from, and over 15 different block patterns that you [&hellip;]<\/p>","protected":false},"featured_media":10493,"comment_status":"open","ping_status":"closed","template":"","meta":{"_acf_changed":false,"give_campaign_id":0},"product_brand":[],"product_cat":[5806,5210,5215],"product_tag":[5855],"class_list":{"0":"post-10492","1":"product","2":"type-product","3":"status-publish","4":"has-post-thumbnail","6":"product_cat-dev-community-theme","7":"product_cat-dev-version","8":"product_cat-dev-wp-theme-solution","9":"product_tag-bjork","11":"first","12":"instock","13":"shipping-taxable","14":"purchasable","15":"product-type-simple","16":"add-to-wishlist-after_add_to_cart"},"acf":[],"fifu_image_url":"https:\/\/i0.wp.com\/themes.svn.wordpress.org\/bjork\/0.2.4\/screenshot.png","_links":{"self":[{"href":"https:\/\/s-o-s.net\/en_gb\/wp-json\/wp\/v2\/product\/10492","targetHints":{"allow":["GET"]}}],"collection":[{"href":"https:\/\/s-o-s.net\/en_gb\/wp-json\/wp\/v2\/product"}],"about":[{"href":"https:\/\/s-o-s.net\/en_gb\/wp-json\/wp\/v2\/types\/product"}],"replies":[{"embeddable":true,"href":"https:\/\/s-o-s.net\/en_gb\/wp-json\/wp\/v2\/comments?post=10492"}],"wp:featuredmedia":[{"embeddable":true,"href":"https:\/\/s-o-s.net\/en_gb\/wp-json\/wp\/v2\/media\/10493"}],"wp:attachment":[{"href":"https:\/\/s-o-s.net\/en_gb\/wp-json\/wp\/v2\/media?parent=10492"}],"wp:term":[{"taxonomy":"product_brand","embeddable":true,"href":"https:\/\/s-o-s.net\/en_gb\/wp-json\/wp\/v2\/product_brand?post=10492"},{"taxonomy":"product_cat","embeddable":true,"href":"https:\/\/s-o-s.net\/en_gb\/wp-json\/wp\/v2\/product_cat?post=10492"},{"taxonomy":"product_tag","embeddable":true,"href":"https:\/\/s-o-s.net\/en_gb\/wp-json\/wp\/v2\/product_tag?post=10492"}],"curies":[{"name":"wp","href":"https:\/\/api.w.org\/{rel}","templated":true}]}}