{"id":6322,"date":"2025-03-03T00:30:05","date_gmt":"2025-03-03T00:30:05","guid":{"rendered":"https:\/\/s-o-s.net\/product\/laundry-booking-and-management-script\/"},"modified":"2025-04-17T18:58:22","modified_gmt":"2025-04-17T18:58:22","slug":"laundry-booking-and-management-script","status":"publish","type":"product","link":"https:\/\/s-o-s.net\/en_gb\/product\/laundry-booking-and-management-script\/","title":{"rendered":"Laundry booking and management script"},"content":{"rendered":"<p><br \/>\n<br \/>\n<a class=\"wp_automatic_demo_btn broken_link\" target=\"_blank\" href=\"https:\/\/codecanyon.net\/item\/laundry-booking-and-management-script\/full_screen_preview\/23769869\" rel=\"noopener\">LIVE PREVIEW<\/a> <a class=\"wp_automatic_buy_btn broken_link\" target=\"_blank\" href=\"https:\/\/codecanyon.net\/item\/laundry-booking-and-management-script\/23769869\" rel=\"noopener\">LIVE ORDER $49<\/a><br \/>\n<br \/>\n<img decoding=\"async\" src=\"https:\/\/previews.customer.envatousercontent.com\/files\/466442403\/Laudry-banner.png\"><br \/>\n<a><span style=\"font-size: 20px\">Laundry booking and management script<\/span><\/a><br \/>\n<img decoding=\"async\" src=\"https:\/\/0.s3.envato.com\/files\/211790917\/skymoon_thumb.png\" width=\"25\" height=\"25\"> <a href=\"https:\/\/codecanyon.net\/user\/skymoonlabs\" target=\"_blank\" rel=\"noopener\">skymoonlabs<\/a><br \/>\n<\/p>\n<p>Our laundry management script is designed to streamline operations for laundry businesses and dry cleaners, including handling online bookings. Users can easily book services such as washing, dry cleaning, ironing, and folding. They can select specific articles and provide pickup and delivery addresses. The booking process features a live price estimator with options like coupon discounts, partial payments, and guest checkouts.<\/p>\n<p>Business Admins can accept payments through various gateways including PayPal, Stripe, PayU Money, 2Checkout, and Authorize.net. They also receive booking alerts via SMS. Our solution offers a seamless and efficient way for laundry businesses to manage online bookings.<\/p>\n<p>Keywords: blanchisserie, Laverie,lavander\u00eda,\u041f\u0420\u0410\u0427\u0415\u0427\u041d\u0410\u042f, laundry management, dry cleaning, online bookings, washing, ironing, folding, payment gateways, coupon discounts, partial payments, guest checkout, Laundry business solution.<\/p>\n<p>Broadview Innovations Pvt ltd.<\/p>\n<p>Demo Booking page: <a target=\"_blank\" href=\"http:\/\/skymoonlabs.com\/laundry\/\" rel=\"nofollow noopener\">http:\/\/skymoonlabs.com\/laundry\/<\/a><\/p>\n<p>Demo Admin : <a target=\"_blank\" href=\"http:\/\/skymoonlabs.com\/laundry\/admin\/\" rel=\"nofollow noopener\">http:\/\/skymoonlabs.com\/laundry\/admin\/<\/a><br \/>\n<br \/>UN: <a target=\"_blank\" href=\"mailto:demo@demo.com\" rel=\"noopener\">demo@demo.com<\/a><br \/>\n<br \/>PW: demo123<\/p>\n<p>\n<a target=\"_blank\" href=\"https:\/\/skymoonlabs.ticksy.com\/\" rel=\"nofollow noopener\"><img decoding=\"async\" src=\"http:\/\/skymoonlabs.com\/ld\/laundry-help.png\" alt=\"Laundry booking and management script - 1\" \/><\/a><br \/>\n<a target=\"_blank\" href=\"https:\/\/skymoonlabs.ticksy.com\/articles\/100015681\/\" rel=\"nofollow noopener\"><img decoding=\"async\" src=\"http:\/\/skymoonlabs.com\/ld\/laundry-documents.png\" alt=\"Laundry booking and management script - 2\" \/><\/a><br \/>\n<a target=\"_blank\" href=\"http:\/\/preview.codecanyon.net\/item\/laundry-booking-and-management-script\/full_screen_preview\/23769869\" rel=\"nofollow noopener\" class=\"broken_link\"><img decoding=\"async\" src=\"http:\/\/skymoonlabs.com\/ld\/laundry-demo.png\" alt=\"Laundry booking and management script - 3\" \/><\/a> <img decoding=\"async\" src=\"http:\/\/skymoonlabs.com\/ld\/laundry-freeupdates.png\" alt=\"Laundry booking and management script - 4\" \/><\/p>\n<p><img decoding=\"async\" src=\"http:\/\/skymoonlabs.com\/ld\/laundry-payments_u.png\" alt=\"Laundry booking and management script - 5\" \/><\/p>\n<p><img decoding=\"async\" src=\"http:\/\/skymoonlabs.com\/ld\/wpsupport_laundry.png\" alt=\"Laundry booking and management script - 6\" \/><\/p>\n<p><a target=\"_blank\" href=\"http:\/\/preview.codecanyon.net\/item\/laundry-booking-and-management-script\/full_screen_preview\/23769869\" rel=\"nofollow noopener\" class=\"broken_link\"><img decoding=\"async\" src=\"http:\/\/skymoonlabs.com\/ld\/featuresLaundry.jpg\" alt=\"Laundry booking and management script - 7\" \/><\/a><\/p>\n<p>TAGS:  Book your Laundry, dry cleaners, Laverie , App for Drycleaners, blanchisserie, W\u00e4sche, tv\u00e4tt , lavander\u00eda , lavanderia, pralnia, bookings, Cloth wash, Instant Quote, Book Cloth wash, POS, software, Laundromat, \u041f\u0420\u0410\u0427\u0415\u0427\u041d\u0410\u042f<\/p>\n<p>\n<br \/>\n<br \/>\n<a href=\"https:\/\/codecanyon.net\/item\/laundry-booking-and-management-script\/23769869\" target=\"_blank\" rel=\"noopener\" class=\"broken_link\">Source link<\/a><\/p>","protected":false},"excerpt":{"rendered":"<p>LIVE PREVIEW LIVE ORDER $49 Laundry booking and management script skymoonlabs Our laundry management script is designed to streamline operations for laundry businesses and dry cleaners, including handling online bookings. Users can easily book services such as washing, dry cleaning, ironing, and folding. They can select specific articles and provide pickup and delivery addresses. The [&hellip;]<\/p>","protected":false},"featured_media":6323,"comment_status":"open","ping_status":"closed","template":"","meta":{"_acf_changed":false,"give_campaign_id":0},"product_brand":[],"product_cat":[3337,3331,3329],"product_tag":[3365,4337,3393,3483],"class_list":{"0":"post-6322","1":"product","2":"type-product","3":"status-publish","4":"has-post-thumbnail","6":"product_cat-calendar-php-script","7":"product_cat-php-script-solution","8":"product_cat-pro-version","9":"product_tag-booking","10":"product_tag-laundry","11":"product_tag-management","12":"product_tag-script","14":"first","15":"instock","16":"shipping-taxable","17":"purchasable","18":"product-type-simple","19":"add-to-wishlist-after_add_to_cart"},"acf":[],"fifu_image_url":"https:\/\/previews.customer.envatousercontent.com\/files\/466442403\/Laudry-banner.png","_links":{"self":[{"href":"https:\/\/s-o-s.net\/en_gb\/wp-json\/wp\/v2\/product\/6322","targetHints":{"allow":["GET"]}}],"collection":[{"href":"https:\/\/s-o-s.net\/en_gb\/wp-json\/wp\/v2\/product"}],"about":[{"href":"https:\/\/s-o-s.net\/en_gb\/wp-json\/wp\/v2\/types\/product"}],"replies":[{"embeddable":true,"href":"https:\/\/s-o-s.net\/en_gb\/wp-json\/wp\/v2\/comments?post=6322"}],"wp:featuredmedia":[{"embeddable":true,"href":"https:\/\/s-o-s.net\/en_gb\/wp-json\/wp\/v2\/media\/6323"}],"wp:attachment":[{"href":"https:\/\/s-o-s.net\/en_gb\/wp-json\/wp\/v2\/media?parent=6322"}],"wp:term":[{"taxonomy":"product_brand","embeddable":true,"href":"https:\/\/s-o-s.net\/en_gb\/wp-json\/wp\/v2\/product_brand?post=6322"},{"taxonomy":"product_cat","embeddable":true,"href":"https:\/\/s-o-s.net\/en_gb\/wp-json\/wp\/v2\/product_cat?post=6322"},{"taxonomy":"product_tag","embeddable":true,"href":"https:\/\/s-o-s.net\/en_gb\/wp-json\/wp\/v2\/product_tag?post=6322"}],"curies":[{"name":"wp","href":"https:\/\/api.w.org\/{rel}","templated":true}]}}